{"id":2,"date":"2022-11-03T20:44:22","date_gmt":"2022-11-03T20:44:22","guid":{"rendered":"https:\/\/winter23.wakacjezesportem.eu\/?page_id=2"},"modified":"2022-11-24T21:15:45","modified_gmt":"2022-11-24T21:15:45","slug":"sample-page","status":"publish","type":"page","link":"https:\/\/winter23.wakacjezesportem.eu\/","title":{"rendered":"ZIMOWISKO &#8211; Poronin 2023"},"content":{"rendered":"\n<h2 class=\"wp-block-heading\"><strong>SKI &amp; SNOWBOARD CAMP PORONIN 21-28.01.2023<\/strong><\/h2>\n\n\n\n<h2 class=\"wp-block-heading\"><strong>PORONIN<\/strong><\/h2>\n\n\n\n<p><strong>Pi\u0119kna panorama Tatr oraz czyste, g\u00f3rskie powietrze sprawi\u0142y i\u017c w\u0142a\u015bnie to miejsce wybrali\u015bmy po raz kolejny na zimowy wypoczynek dla Pa\u0144stwa pociech. Atrakcyjno\u015bci dodaje blisko\u015b\u0107 profesjonalnych kompleks\u00f3w narciarskich czyli miejsc o zr\u00f3\u017cnicowanej infrastrukturze zar\u00f3wno dla zupe\u0142nie pocz\u0105tkuj\u0105cych jak i zaawansowanych mi\u0142o\u015bnik\u00f3w bia\u0142ego szale\u0144stwa.<\/strong><\/p>\n\n\n\n<p><strong>ZAKWATEROWANIE- Komfortowy Hotel Limba Grand &amp; Resort *** w kt\u00f3rym do dyspozycji mamy: 3,4,5-cio osobowe luksusowo wyposa\u017cone pokoje z \u0142azienk\u0105 i TV, basen, jacuzzi, saun\u0119 such\u0105 i parow\u0105, bilard, grill sza\u0142as, sal\u0119 do tenisa sto\u0142owego, stref\u0119 komputerow\u0105, dost\u0119p do hotelowego Wi-Fi , sal\u0119 z lustrami do \u0107wicze\u0144 og\u00f3lnorozwojowych, ogrzewan\u0105 narciarnio \u2013 suszarni\u0119, fantastyczn\u0105 jadalni\u0119 z obfitym sto\u0142em szwedzkim do dyspozycji uczestnik\u00f3w.<\/strong><\/p>\n\n\n\n<figure class=\"wp-block-gallery has-nested-images columns-default is-cropped wp-block-gallery-1 is-layout-flex wp-block-gallery-is-layout-flex\">\n<figure class=\"wp-block-image size-large\"><img loading=\"lazy\" decoding=\"async\" width=\"416\" height=\"277\" data-id=\"78\" src=\"https:\/\/winter23.wakacjezesportem.eu\/wp-content\/uploads\/2022\/11\/4.jpg\" alt=\"\" class=\"wp-image-78\" srcset=\"https:\/\/winter23.wakacjezesportem.eu\/wp-content\/uploads\/2022\/11\/4.jpg 416w, https:\/\/winter23.wakacjezesportem.eu\/wp-content\/uploads\/2022\/11\/4-300x200.jpg 300w, https:\/\/winter23.wakacjezesportem.eu\/wp-content\/uploads\/2022\/11\/4-230x153.jpg 230w, https:\/\/winter23.wakacjezesportem.eu\/wp-content\/uploads\/2022\/11\/4-350x233.jpg 350w, https:\/\/winter23.wakacjezesportem.eu\/wp-content\/uploads\/2022\/11\/4-174x116.jpg 174w\" sizes=\"auto, (max-width: 416px) 100vw, 416px\" \/><\/figure>\n\n\n\n<figure class=\"wp-block-image size-large\"><img loading=\"lazy\" decoding=\"async\" width=\"1024\" height=\"767\" data-id=\"81\" src=\"https:\/\/winter23.wakacjezesportem.eu\/wp-content\/uploads\/2022\/11\/Limba_Grand_z_Lotu_Ptaka-1024x767.jpg\" alt=\"\" class=\"wp-image-81\" srcset=\"https:\/\/winter23.wakacjezesportem.eu\/wp-content\/uploads\/2022\/11\/Limba_Grand_z_Lotu_Ptaka-1024x767.jpg 1024w, https:\/\/winter23.wakacjezesportem.eu\/wp-content\/uploads\/2022\/11\/Limba_Grand_z_Lotu_Ptaka-300x225.jpg 300w, https:\/\/winter23.wakacjezesportem.eu\/wp-content\/uploads\/2022\/11\/Limba_Grand_z_Lotu_Ptaka-768x576.jpg 768w, https:\/\/winter23.wakacjezesportem.eu\/wp-content\/uploads\/2022\/11\/Limba_Grand_z_Lotu_Ptaka-1536x1151.jpg 1536w, https:\/\/winter23.wakacjezesportem.eu\/wp-content\/uploads\/2022\/11\/Limba_Grand_z_Lotu_Ptaka-1000x749.jpg 1000w, https:\/\/winter23.wakacjezesportem.eu\/wp-content\/uploads\/2022\/11\/Limba_Grand_z_Lotu_Ptaka-230x172.jpg 230w, https:\/\/winter23.wakacjezesportem.eu\/wp-content\/uploads\/2022\/11\/Limba_Grand_z_Lotu_Ptaka-350x262.jpg 350w, https:\/\/winter23.wakacjezesportem.eu\/wp-content\/uploads\/2022\/11\/Limba_Grand_z_Lotu_Ptaka-480x360.jpg 480w, https:\/\/winter23.wakacjezesportem.eu\/wp-content\/uploads\/2022\/11\/Limba_Grand_z_Lotu_Ptaka-155x116.jpg 155w, https:\/\/winter23.wakacjezesportem.eu\/wp-content\/uploads\/2022\/11\/Limba_Grand_z_Lotu_Ptaka.jpg 1600w\" sizes=\"auto, (max-width: 1024px) 100vw, 1024px\" \/><\/figure>\n\n\n\n<figure class=\"wp-block-image size-large\"><img loading=\"lazy\" decoding=\"async\" width=\"1024\" height=\"683\" data-id=\"80\" src=\"https:\/\/winter23.wakacjezesportem.eu\/wp-content\/uploads\/2022\/11\/Obiekt_z_basenem-1024x683.jpg\" alt=\"\" class=\"wp-image-80\" srcset=\"https:\/\/winter23.wakacjezesportem.eu\/wp-content\/uploads\/2022\/11\/Obiekt_z_basenem-1024x683.jpg 1024w, https:\/\/winter23.wakacjezesportem.eu\/wp-content\/uploads\/2022\/11\/Obiekt_z_basenem-300x200.jpg 300w, https:\/\/winter23.wakacjezesportem.eu\/wp-content\/uploads\/2022\/11\/Obiekt_z_basenem-768x512.jpg 768w, https:\/\/winter23.wakacjezesportem.eu\/wp-content\/uploads\/2022\/11\/Obiekt_z_basenem-1536x1024.jpg 1536w, https:\/\/winter23.wakacjezesportem.eu\/wp-content\/uploads\/2022\/11\/Obiekt_z_basenem-1000x667.jpg 1000w, https:\/\/winter23.wakacjezesportem.eu\/wp-content\/uploads\/2022\/11\/Obiekt_z_basenem-230x153.jpg 230w, https:\/\/winter23.wakacjezesportem.eu\/wp-content\/uploads\/2022\/11\/Obiekt_z_basenem-350x233.jpg 350w, https:\/\/winter23.wakacjezesportem.eu\/wp-content\/uploads\/2022\/11\/Obiekt_z_basenem-480x320.jpg 480w, https:\/\/winter23.wakacjezesportem.eu\/wp-content\/uploads\/2022\/11\/Obiekt_z_basenem-174x116.jpg 174w, https:\/\/winter23.wakacjezesportem.eu\/wp-content\/uploads\/2022\/11\/Obiekt_z_basenem.jpg 1600w\" sizes=\"auto, (max-width: 1024px) 100vw, 1024px\" \/><\/figure>\n\n\n\n<figure class=\"wp-block-image size-large\"><img loading=\"lazy\" decoding=\"async\" width=\"1024\" height=\"682\" data-id=\"77\" src=\"https:\/\/winter23.wakacjezesportem.eu\/wp-content\/uploads\/2022\/11\/Pokoj_3_osobowy_z_widokiem_na_gory-1024x682.jpg\" alt=\"\" class=\"wp-image-77\" srcset=\"https:\/\/winter23.wakacjezesportem.eu\/wp-content\/uploads\/2022\/11\/Pokoj_3_osobowy_z_widokiem_na_gory-1024x682.jpg 1024w, https:\/\/winter23.wakacjezesportem.eu\/wp-content\/uploads\/2022\/11\/Pokoj_3_osobowy_z_widokiem_na_gory-300x200.jpg 300w, https:\/\/winter23.wakacjezesportem.eu\/wp-content\/uploads\/2022\/11\/Pokoj_3_osobowy_z_widokiem_na_gory-768x512.jpg 768w, https:\/\/winter23.wakacjezesportem.eu\/wp-content\/uploads\/2022\/11\/Pokoj_3_osobowy_z_widokiem_na_gory-1536x1023.jpg 1536w, https:\/\/winter23.wakacjezesportem.eu\/wp-content\/uploads\/2022\/11\/Pokoj_3_osobowy_z_widokiem_na_gory-1000x666.jpg 1000w, https:\/\/winter23.wakacjezesportem.eu\/wp-content\/uploads\/2022\/11\/Pokoj_3_osobowy_z_widokiem_na_gory-230x153.jpg 230w, https:\/\/winter23.wakacjezesportem.eu\/wp-content\/uploads\/2022\/11\/Pokoj_3_osobowy_z_widokiem_na_gory-350x233.jpg 350w, https:\/\/winter23.wakacjezesportem.eu\/wp-content\/uploads\/2022\/11\/Pokoj_3_osobowy_z_widokiem_na_gory-480x320.jpg 480w, https:\/\/winter23.wakacjezesportem.eu\/wp-content\/uploads\/2022\/11\/Pokoj_3_osobowy_z_widokiem_na_gory-174x116.jpg 174w, https:\/\/winter23.wakacjezesportem.eu\/wp-content\/uploads\/2022\/11\/Pokoj_3_osobowy_z_widokiem_na_gory.jpg 1600w\" sizes=\"auto, (max-width: 1024px) 100vw, 1024px\" \/><\/figure>\n\n\n\n<figure class=\"wp-block-image size-large\"><img loading=\"lazy\" decoding=\"async\" width=\"1024\" height=\"683\" data-id=\"79\" src=\"https:\/\/winter23.wakacjezesportem.eu\/wp-content\/uploads\/2022\/11\/Wodospad_w_basenie-1024x683.jpg\" alt=\"\" class=\"wp-image-79\" srcset=\"https:\/\/winter23.wakacjezesportem.eu\/wp-content\/uploads\/2022\/11\/Wodospad_w_basenie-1024x683.jpg 1024w, https:\/\/winter23.wakacjezesportem.eu\/wp-content\/uploads\/2022\/11\/Wodospad_w_basenie-300x200.jpg 300w, https:\/\/winter23.wakacjezesportem.eu\/wp-content\/uploads\/2022\/11\/Wodospad_w_basenie-768x512.jpg 768w, https:\/\/winter23.wakacjezesportem.eu\/wp-content\/uploads\/2022\/11\/Wodospad_w_basenie-1536x1024.jpg 1536w, https:\/\/winter23.wakacjezesportem.eu\/wp-content\/uploads\/2022\/11\/Wodospad_w_basenie-1000x667.jpg 1000w, https:\/\/winter23.wakacjezesportem.eu\/wp-content\/uploads\/2022\/11\/Wodospad_w_basenie-230x153.jpg 230w, https:\/\/winter23.wakacjezesportem.eu\/wp-content\/uploads\/2022\/11\/Wodospad_w_basenie-350x233.jpg 350w, https:\/\/winter23.wakacjezesportem.eu\/wp-content\/uploads\/2022\/11\/Wodospad_w_basenie-480x320.jpg 480w, https:\/\/winter23.wakacjezesportem.eu\/wp-content\/uploads\/2022\/11\/Wodospad_w_basenie-174x116.jpg 174w, https:\/\/winter23.wakacjezesportem.eu\/wp-content\/uploads\/2022\/11\/Wodospad_w_basenie.jpg 1600w\" sizes=\"auto, (max-width: 1024px) 100vw, 1024px\" \/><\/figure>\n\n\n\n<figure class=\"wp-block-image size-large\"><img loading=\"lazy\" decoding=\"async\" width=\"416\" height=\"277\" data-id=\"75\" src=\"https:\/\/winter23.wakacjezesportem.eu\/wp-content\/uploads\/2022\/11\/6.jpg\" alt=\"\" class=\"wp-image-75\" srcset=\"https:\/\/winter23.wakacjezesportem.eu\/wp-content\/uploads\/2022\/11\/6.jpg 416w, https:\/\/winter23.wakacjezesportem.eu\/wp-content\/uploads\/2022\/11\/6-300x200.jpg 300w, https:\/\/winter23.wakacjezesportem.eu\/wp-content\/uploads\/2022\/11\/6-230x153.jpg 230w, https:\/\/winter23.wakacjezesportem.eu\/wp-content\/uploads\/2022\/11\/6-350x233.jpg 350w, https:\/\/winter23.wakacjezesportem.eu\/wp-content\/uploads\/2022\/11\/6-174x116.jpg 174w\" sizes=\"auto, (max-width: 416px) 100vw, 416px\" \/><\/figure>\n<\/figure>\n\n\n\n<h2 class=\"wp-block-heading\"><strong>SZKOLENIE NARCIARSKO-SNOWBOARDOWE \u2013<\/strong><\/h2>\n\n\n\n<p><strong>Zaj\u0119cia nauki jazdy na nartach i snowboardzie do 6 godzin dziennie na Tatrza\u0144skich kompleksach sport\u00f3w zimowych w pakiecie karnetu Tatry Super Ski tj. Bania Ski &amp; Fun, Kotelnica Bia\u0142cza\u0144ska, Kani\u00f3wka, Jurg\u00f3w Ski, Bachledowa Dolina, Czarna G\u00f3ra Koziniec, Suche , Wit\u00f3w Ski poprowadz\u0105 wykwalifikowani instruktorzy Fun Camp Sport PZN i PZS. (aktywno\u015b\u0107 na stoku uzale\u017cniona od warunk\u00f3w pogodowych oraz dyspozycji grupy dzieci oko\u0142o 5,6 godz szkolenia z przerw\u0105 na gor\u0105cy nap\u00f3j i lunch pakiet z hotelu )<\/strong><\/p>\n\n\n\n<p><strong>Podzia\u0142 grup narciarskich i snowboardowych na trzy poziomy wg stopnia zaawansowania i wieku.<\/strong><\/p>\n\n\n\n<p><strong>Wszyscy uczestnicy ubrani w znaczniki z nr startowym kt\u00f3re wyr\u00f3\u017cniaj\u0105 nasz\u0105 grup\u0119 na stoku oraz opaski na r\u0119k\u0119 z adresem hotelu i nr tel do opiekuna<\/strong><\/p>\n\n\n\n<figure class=\"wp-block-gallery has-nested-images columns-default is-cropped wp-block-gallery-2 is-layout-flex wp-block-gallery-is-layout-flex\">\n<figure class=\"wp-block-image size-large\"><img loading=\"lazy\" decoding=\"async\" width=\"1024\" height=\"768\" data-id=\"71\" src=\"https:\/\/winter23.wakacjezesportem.eu\/wp-content\/uploads\/2022\/11\/118.jpg\" alt=\"\" class=\"wp-image-71\" srcset=\"https:\/\/winter23.wakacjezesportem.eu\/wp-content\/uploads\/2022\/11\/118.jpg 1024w, https:\/\/winter23.wakacjezesportem.eu\/wp-content\/uploads\/2022\/11\/118-300x225.jpg 300w, https:\/\/winter23.wakacjezesportem.eu\/wp-content\/uploads\/2022\/11\/118-768x576.jpg 768w, https:\/\/winter23.wakacjezesportem.eu\/wp-content\/uploads\/2022\/11\/118-1000x750.jpg 1000w, https:\/\/winter23.wakacjezesportem.eu\/wp-content\/uploads\/2022\/11\/118-230x173.jpg 230w, https:\/\/winter23.wakacjezesportem.eu\/wp-content\/uploads\/2022\/11\/118-350x263.jpg 350w, https:\/\/winter23.wakacjezesportem.eu\/wp-content\/uploads\/2022\/11\/118-480x360.jpg 480w, https:\/\/winter23.wakacjezesportem.eu\/wp-content\/uploads\/2022\/11\/118-155x116.jpg 155w\" sizes=\"auto, (max-width: 1024px) 100vw, 1024px\" \/><\/figure>\n\n\n\n<figure class=\"wp-block-image size-large\"><img loading=\"lazy\" decoding=\"async\" width=\"1024\" height=\"768\" data-id=\"67\" src=\"https:\/\/winter23.wakacjezesportem.eu\/wp-content\/uploads\/2022\/11\/117.jpg\" alt=\"\" class=\"wp-image-67\" srcset=\"https:\/\/winter23.wakacjezesportem.eu\/wp-content\/uploads\/2022\/11\/117.jpg 1024w, https:\/\/winter23.wakacjezesportem.eu\/wp-content\/uploads\/2022\/11\/117-300x225.jpg 300w, https:\/\/winter23.wakacjezesportem.eu\/wp-content\/uploads\/2022\/11\/117-768x576.jpg 768w, https:\/\/winter23.wakacjezesportem.eu\/wp-content\/uploads\/2022\/11\/117-1000x750.jpg 1000w, https:\/\/winter23.wakacjezesportem.eu\/wp-content\/uploads\/2022\/11\/117-230x173.jpg 230w, https:\/\/winter23.wakacjezesportem.eu\/wp-content\/uploads\/2022\/11\/117-350x263.jpg 350w, https:\/\/winter23.wakacjezesportem.eu\/wp-content\/uploads\/2022\/11\/117-480x360.jpg 480w, https:\/\/winter23.wakacjezesportem.eu\/wp-content\/uploads\/2022\/11\/117-155x116.jpg 155w\" sizes=\"auto, (max-width: 1024px) 100vw, 1024px\" \/><\/figure>\n\n\n\n<figure class=\"wp-block-image size-large\"><img loading=\"lazy\" decoding=\"async\" width=\"1024\" height=\"768\" data-id=\"69\" src=\"https:\/\/winter23.wakacjezesportem.eu\/wp-content\/uploads\/2022\/11\/116.jpg\" alt=\"\" class=\"wp-image-69\" srcset=\"https:\/\/winter23.wakacjezesportem.eu\/wp-content\/uploads\/2022\/11\/116.jpg 1024w, https:\/\/winter23.wakacjezesportem.eu\/wp-content\/uploads\/2022\/11\/116-300x225.jpg 300w, https:\/\/winter23.wakacjezesportem.eu\/wp-content\/uploads\/2022\/11\/116-768x576.jpg 768w, https:\/\/winter23.wakacjezesportem.eu\/wp-content\/uploads\/2022\/11\/116-1000x750.jpg 1000w, https:\/\/winter23.wakacjezesportem.eu\/wp-content\/uploads\/2022\/11\/116-230x173.jpg 230w, https:\/\/winter23.wakacjezesportem.eu\/wp-content\/uploads\/2022\/11\/116-350x263.jpg 350w, https:\/\/winter23.wakacjezesportem.eu\/wp-content\/uploads\/2022\/11\/116-480x360.jpg 480w, https:\/\/winter23.wakacjezesportem.eu\/wp-content\/uploads\/2022\/11\/116-155x116.jpg 155w\" sizes=\"auto, (max-width: 1024px) 100vw, 1024px\" \/><\/figure>\n\n\n\n<figure class=\"wp-block-image size-large\"><img loading=\"lazy\" decoding=\"async\" width=\"720\" height=\"960\" data-id=\"72\" src=\"https:\/\/winter23.wakacjezesportem.eu\/wp-content\/uploads\/2022\/11\/115.jpg\" alt=\"\" class=\"wp-image-72\" srcset=\"https:\/\/winter23.wakacjezesportem.eu\/wp-content\/uploads\/2022\/11\/115.jpg 720w, https:\/\/winter23.wakacjezesportem.eu\/wp-content\/uploads\/2022\/11\/115-225x300.jpg 225w, https:\/\/winter23.wakacjezesportem.eu\/wp-content\/uploads\/2022\/11\/115-230x307.jpg 230w, https:\/\/winter23.wakacjezesportem.eu\/wp-content\/uploads\/2022\/11\/115-350x467.jpg 350w, https:\/\/winter23.wakacjezesportem.eu\/wp-content\/uploads\/2022\/11\/115-480x640.jpg 480w, https:\/\/winter23.wakacjezesportem.eu\/wp-content\/uploads\/2022\/11\/115-87x116.jpg 87w\" sizes=\"auto, (max-width: 720px) 100vw, 720px\" \/><\/figure>\n\n\n\n<figure class=\"wp-block-image size-large\"><img loading=\"lazy\" decoding=\"async\" width=\"1024\" height=\"768\" data-id=\"70\" src=\"https:\/\/winter23.wakacjezesportem.eu\/wp-content\/uploads\/2022\/11\/114.jpg\" alt=\"\" class=\"wp-image-70\" srcset=\"https:\/\/winter23.wakacjezesportem.eu\/wp-content\/uploads\/2022\/11\/114.jpg 1024w, https:\/\/winter23.wakacjezesportem.eu\/wp-content\/uploads\/2022\/11\/114-300x225.jpg 300w, https:\/\/winter23.wakacjezesportem.eu\/wp-content\/uploads\/2022\/11\/114-768x576.jpg 768w, https:\/\/winter23.wakacjezesportem.eu\/wp-content\/uploads\/2022\/11\/114-1000x750.jpg 1000w, https:\/\/winter23.wakacjezesportem.eu\/wp-content\/uploads\/2022\/11\/114-230x173.jpg 230w, https:\/\/winter23.wakacjezesportem.eu\/wp-content\/uploads\/2022\/11\/114-350x263.jpg 350w, https:\/\/winter23.wakacjezesportem.eu\/wp-content\/uploads\/2022\/11\/114-480x360.jpg 480w, https:\/\/winter23.wakacjezesportem.eu\/wp-content\/uploads\/2022\/11\/114-155x116.jpg 155w\" sizes=\"auto, (max-width: 1024px) 100vw, 1024px\" \/><\/figure>\n\n\n\n<figure class=\"wp-block-image size-large\"><img loading=\"lazy\" decoding=\"async\" width=\"1024\" height=\"768\" data-id=\"68\" src=\"https:\/\/winter23.wakacjezesportem.eu\/wp-content\/uploads\/2022\/11\/113.jpg\" alt=\"\" class=\"wp-image-68\" srcset=\"https:\/\/winter23.wakacjezesportem.eu\/wp-content\/uploads\/2022\/11\/113.jpg 1024w, https:\/\/winter23.wakacjezesportem.eu\/wp-content\/uploads\/2022\/11\/113-300x225.jpg 300w, https:\/\/winter23.wakacjezesportem.eu\/wp-content\/uploads\/2022\/11\/113-768x576.jpg 768w, https:\/\/winter23.wakacjezesportem.eu\/wp-content\/uploads\/2022\/11\/113-1000x750.jpg 1000w, https:\/\/winter23.wakacjezesportem.eu\/wp-content\/uploads\/2022\/11\/113-230x173.jpg 230w, https:\/\/winter23.wakacjezesportem.eu\/wp-content\/uploads\/2022\/11\/113-350x263.jpg 350w, https:\/\/winter23.wakacjezesportem.eu\/wp-content\/uploads\/2022\/11\/113-480x360.jpg 480w, https:\/\/winter23.wakacjezesportem.eu\/wp-content\/uploads\/2022\/11\/113-155x116.jpg 155w\" sizes=\"auto, (max-width: 1024px) 100vw, 1024px\" \/><\/figure>\n\n\n\n<figure class=\"wp-block-image size-large\"><img loading=\"lazy\" decoding=\"async\" width=\"720\" height=\"960\" data-id=\"73\" src=\"https:\/\/winter23.wakacjezesportem.eu\/wp-content\/uploads\/2022\/11\/112.jpg\" alt=\"\" class=\"wp-image-73\" srcset=\"https:\/\/winter23.wakacjezesportem.eu\/wp-content\/uploads\/2022\/11\/112.jpg 720w, https:\/\/winter23.wakacjezesportem.eu\/wp-content\/uploads\/2022\/11\/112-225x300.jpg 225w, https:\/\/winter23.wakacjezesportem.eu\/wp-content\/uploads\/2022\/11\/112-230x307.jpg 230w, https:\/\/winter23.wakacjezesportem.eu\/wp-content\/uploads\/2022\/11\/112-350x467.jpg 350w, https:\/\/winter23.wakacjezesportem.eu\/wp-content\/uploads\/2022\/11\/112-480x640.jpg 480w, https:\/\/winter23.wakacjezesportem.eu\/wp-content\/uploads\/2022\/11\/112-87x116.jpg 87w\" sizes=\"auto, (max-width: 720px) 100vw, 720px\" \/><\/figure>\n\n\n\n<figure class=\"wp-block-image size-large\"><img loading=\"lazy\" decoding=\"async\" width=\"1024\" height=\"768\" data-id=\"74\" src=\"https:\/\/winter23.wakacjezesportem.eu\/wp-content\/uploads\/2022\/11\/111-1024x768.jpg\" alt=\"\" class=\"wp-image-74\" srcset=\"https:\/\/winter23.wakacjezesportem.eu\/wp-content\/uploads\/2022\/11\/111-1024x768.jpg 1024w, https:\/\/winter23.wakacjezesportem.eu\/wp-content\/uploads\/2022\/11\/111-300x225.jpg 300w, https:\/\/winter23.wakacjezesportem.eu\/wp-content\/uploads\/2022\/11\/111-768x576.jpg 768w, https:\/\/winter23.wakacjezesportem.eu\/wp-content\/uploads\/2022\/11\/111-1000x750.jpg 1000w, https:\/\/winter23.wakacjezesportem.eu\/wp-content\/uploads\/2022\/11\/111-230x173.jpg 230w, https:\/\/winter23.wakacjezesportem.eu\/wp-content\/uploads\/2022\/11\/111-350x263.jpg 350w, https:\/\/winter23.wakacjezesportem.eu\/wp-content\/uploads\/2022\/11\/111-480x360.jpg 480w, https:\/\/winter23.wakacjezesportem.eu\/wp-content\/uploads\/2022\/11\/111-155x116.jpg 155w, https:\/\/winter23.wakacjezesportem.eu\/wp-content\/uploads\/2022\/11\/111.jpg 1280w\" sizes=\"auto, (max-width: 1024px) 100vw, 1024px\" \/><\/figure>\n<\/figure>\n\n\n\n<h2 class=\"wp-block-heading\"><strong>Program Narciarski<\/strong><\/h2>\n\n\n\n<p><\/p>\n\n\n\n<ul class=\"wp-block-list\">\n<li><strong>Pocz\u0105tkuj\u0105cy \u2013 dzieci i m\u0142odzie\u017c rozpoczynaj\u0105cy przygod\u0119 z nartami : zapoznanie si\u0119 ze sprz\u0119tem, kodeks narciarski , upadanie, wstawanie i techniki poruszania si\u0119. Nauka podstawowych element\u00f3w jazdy na nartach i korzystania z wyci\u0105g\u00f3w. Pocz\u0105tkuj\u0105cy rozpoczynaj\u0105 nauk\u0119 na prostych stokach o niskim poziomie trudno\u015bci wyposa\u017conych w bezpieczne wyci\u0105gi ta\u015bmowe.<\/strong><\/li>\n\n\n\n<li><a><\/a> <strong>\u015arednio zaawansowany \u2013 dzieci i m\u0142odzie\u017c doskonal\u0105ce technik\u0119 jazdy na nartach swobodnie poruszaj\u0105ce si\u0119 po stokach i nartostradach: eliminacja b\u0142\u0119d\u00f3w sylwetki, cyfrowe rejestrowanie zaj\u0119\u0107 na stoku wraz z wieczorn\u0105 analiz\u0105 nagra\u0144 i korekt\u0105 b\u0142\u0119d\u00f3w, jazda na kraw\u0119dziach, elementy jazdy carvingowej.<\/strong><\/li>\n\n\n\n<li><strong>Zaawansowany \u2013 jazda sportowa, zaj\u0119cia z Freestyle: \u015blizgi, skoki, triki, przygotowanie do egzamin\u00f3w na stopnie instruktorskie PZN.<\/strong><\/li>\n<\/ul>\n\n\n\n<h2 class=\"wp-block-heading\"><strong>Program Snowboardowy<\/strong><\/h2>\n\n\n\n<p><\/p>\n\n\n\n<ul class=\"wp-block-list\">\n<li><strong>Pocz\u0105tkuj\u0105cy &#8211; dzieci i m\u0142odzie\u017c rozpoczynaj\u0105cy przygod\u0119 ze snowboardem: zapoznanie si\u0119 ze sprz\u0119tem, kodeks snowboardowy, upadanie wstawanie, w\u0142a\u015bciwa pozycja i techniki poruszania si\u0119 na desce w r\u00f3\u017cnych kierunkach . Nauka podstawowych element\u00f3w techniki jazdy na snowboardzie, korzystanie z wyci\u0105g\u00f3w. Pocz\u0105tkuj\u0105cy rozpoczynaj\u0105 nauk\u0119 na prostych stokach o niskim poziomie trudno\u015bci wyposa\u017conych w bezpieczne wyci\u0105gi ta\u015bmowe.<\/strong><\/li>\n\n\n\n<li><strong>\u015arednio zaawansowany &#8211; dzieci i m\u0142odzie\u017c doskonal\u0105ce techniki jazdy na snowboardzie, swobodnie poruszaj\u0105ce si\u0119 po stokach i nartostradach: eliminacja b\u0142\u0119d\u00f3w sylwetki, cyfrowe rejestrowanie zaj\u0119\u0107 na stoku wraz z wieczorn\u0105 analiz\u0105 nagra\u0144 i korekt\u0105 b\u0142\u0119d\u00f3w, jazda w r\u00f3\u017cnych formach terenu, podstawowe elementy jazdy freestylowej.<\/strong><\/li>\n\n\n\n<li><strong>Zaawansowany \u2013 zaj\u0119cia z Freestyle: ollie, tailweelie, noseweelie, skok 180, FS i BS w czasie jazdy, naseroll, tailroll, skok z grabem, 50\/50 board sidle oraz inne techniki Freestyle<\/strong><\/li>\n\n\n\n<li><strong>Konkurs trik\u00f3w<\/strong><\/li>\n\n\n\n<li><strong>Mo\u017cliwo\u015b\u0107 uzyskania stopni i klas snowboardowych PZS ( op\u0142ata dodatkowa po konsultacji z rodzicem )<\/strong><\/li>\n<\/ul>\n\n\n\n<p><strong>Na zako\u0144czenie szkolenia ostatniego dnia dla wszystkich grup szkoleniowych zawody narciarsko snowboardowe z profesjonalnym pomiarem czasu na stoku Bania w Bia\u0142ce Tatrza\u0144skiej z wydzielonym torem zjazdowym tylko dla uczestnik\u00f3w zimowiska Fun Camp Sport<\/strong><\/p>\n\n\n\n<h2 class=\"wp-block-heading\">NASZE FERIE<\/h2>\n\n\n\n<p><strong>WY\u017bYWIENIE-<\/strong> \u015bniadania, lunch pakiet na stok, obiadokolacja, posi\u0142ki w formie bardzo urozmaiconego bufetu szwedzkiego, obiadokolacje podawane, do dyspozycji uczestnik\u00f3w przez ca\u0142y dzie\u0144 oraz wieczorem napoje i przek\u0105ski. Dost\u0119pne diety : bezglutenowa, bezmleczna, wegetaria\u0144ska<\/p>\n\n\n\n<p><strong>TRANSPORT-<\/strong> autokar klasy Lux , pozostaj\u0105cy na miejscu do dyspozycji grupy ( autokar wyposa\u017cony w \u0142a\u0144cuchy przeciw\u015bnie\u017cne, TV, toaleta, ).<\/p>\n\n\n\n<p><strong>Program rekreacyjny<\/strong><\/p>\n\n\n\n<ul class=\"wp-block-list\">\n<li>Gor\u0105ce \u017ar\u00f3d\u0142a Termy Chocho\u0142owskie &#8211; pobyt w kompleksie basen\u00f3w termalnych pod opiek\u0105 ratownik\u00f3w oraz wszystkich instruktor\u00f3w.<\/li>\n\n\n\n<li>Zaj\u0119cia z nauki p\u0142ywania oraz relaks na krytym hotelowym basenie z saunami i jacuzzi<\/li>\n\n\n\n<li>Wizyta w sercu Tatr \u201eKrup\u00f3wki, czyli oscypek i ciupaga\u201d spacer i czas pami\u0105tek pod opiek\u0105 instruktor\u00f3w<\/li>\n\n\n\n<li>Bia\u0142a integracja czyli zaj\u0119cia sportowe na \u015bniegu<\/li>\n<\/ul>\n\n\n\n<p>&#8211; bitwa na \u015bnie\u017cki , rze\u017aby ze \u015bniegu, kto zjad\u0142 wi\u0119cej na posi\u0142kach \u2013 czyli \u015bnie\u017cne przeci\u0105ganie liny oraz inne gry i zabawy w bia\u0142ym puchu dostarczaj\u0105ce du\u017co emocji i rado\u015bci uczestnikom<\/p>\n\n\n\n<ul class=\"wp-block-list\">\n<li>Kolacja w g\u00f3ralskim sza\u0142asie przy weso\u0142ej muzyce czyli huczna zabawa<\/li>\n<\/ul>\n\n\n\n<p><strong>CENA-<\/strong><strong> 2230<\/strong>+ <strong>Skipass *<\/strong><\/p>\n\n\n\n<p>Wp\u0142ata rezerwacyjna w kwocie 790 z\u0142 w dniu otrzymania potwierdzenia rezerwacji. Dop\u0142ata w kwocie 1500 z\u0142 do dnia 10.01.2023r<\/p>\n\n\n\n<p><strong>Alior Bank 28 2490 0005 0000 4530 1431 5808<\/strong><\/p>\n\n\n\n<p>* <strong>Dzieci<\/strong> <strong>w wieku do 16 roku \u017cycia 610 z\u0142 , m\u0142odzie\u017c pow 16 roku \u017cycia 660 z\u0142 <\/strong>. &#8211; 5 cio dniowy skipass obejmuj\u0105cy stoki i nartostrady oraz lodowiska na terenie Polski i S\u0142owacji oraz wst\u0119p do parku wodnego ( wp\u0142ata za skipassy pobierana b\u0119dzie na zbi\u00f3rce w dniu wyjazdu)<\/p>\n\n\n\n<p><strong>CENA ZAWIERA-<\/strong> transport autokarem, zakwaterowanie z wy\u017cywieniem w luksusowym hotelu, ubezpieczenie NNW, bilety wst\u0119p\u00f3w do atrakcji przewidzianych w programie, wykwalifikowan\u0105 kadr\u0119 opieku\u0144czo wychowawcz\u0105 , instruktor\u00f3w narciarstwa i snowboardu, ratownika, faktura vat . Realizujemy Bon Turystyczny<\/p>\n\n\n\n<p><em><strong>Z powodu ograniczonej ilo\u015bci miejsc prosimy o szybk\u0105 rezerwacj\u0119 .<\/strong><\/em><\/p>\n\n\n\n<p><strong>Szczeg\u00f3\u0142owe informacje i zapisy<\/strong> <a href=\"mailto:r.matusiak@wakacjezesportem.eu\"><strong>r.matusiak@wakacjezesportem.eu<\/strong><\/a><strong>,<\/strong><\/p>\n\n\n\n<p><strong>rafal@umiemplywac.pl<\/strong><\/p>\n\n\n\n<p><strong>Bezpieczne i pe\u0142ne atrakcji Ferie Zimowe 2023<\/strong><\/p>\n\n\n\n<p><strong>Tylko z Fun Camp Sport !!!<\/strong><\/p>\n","protected":false},"excerpt":{"rendered":"<p>SKI &amp; SNOWBOARD CAMP PORONIN 21-28.01.2023 PORONIN Pi\u0119kna panorama Tatr oraz czyste, g\u00f3rskie powietrze sprawi\u0142y i\u017c w\u0142a\u015bnie to miejsce wybrali\u015bmy po raz [&hellip;]<\/p>\n","protected":false},"author":1,"featured_media":0,"parent":0,"menu_order":0,"comment_status":"closed","ping_status":"open","template":"","meta":{"footnotes":""},"class_list":["post-2","page","type-page","status-publish","hentry"],"_links":{"self":[{"href":"https:\/\/winter23.wakacjezesportem.eu\/index.php?rest_route=\/wp\/v2\/pages\/2","targetHints":{"allow":["GET"]}}],"collection":[{"href":"https:\/\/winter23.wakacjezesportem.eu\/index.php?rest_route=\/wp\/v2\/pages"}],"about":[{"href":"https:\/\/winter23.wakacjezesportem.eu\/index.php?rest_route=\/wp\/v2\/types\/page"}],"author":[{"embeddable":true,"href":"https:\/\/winter23.wakacjezesportem.eu\/index.php?rest_route=\/wp\/v2\/users\/1"}],"replies":[{"embeddable":true,"href":"https:\/\/winter23.wakacjezesportem.eu\/index.php?rest_route=%2Fwp%2Fv2%2Fcomments&post=2"}],"version-history":[{"count":5,"href":"https:\/\/winter23.wakacjezesportem.eu\/index.php?rest_route=\/wp\/v2\/pages\/2\/revisions"}],"predecessor-version":[{"id":85,"href":"https:\/\/winter23.wakacjezesportem.eu\/index.php?rest_route=\/wp\/v2\/pages\/2\/revisions\/85"}],"wp:attachment":[{"href":"https:\/\/winter23.wakacjezesportem.eu\/index.php?rest_route=%2Fwp%2Fv2%2Fmedia&parent=2"}],"curies":[{"name":"wp","href":"https:\/\/api.w.org\/{rel}","templated":true}]}}